{"id":1332,"date":"2025-06-06T00:33:12","date_gmt":"2025-06-06T00:33:12","guid":{"rendered":"https:\/\/selenefilms.com\/?page_id=1332"},"modified":"2025-06-06T00:44:38","modified_gmt":"2025-06-06T00:44:38","slug":"beyond-the-smoke","status":"publish","type":"page","link":"https:\/\/selenefilms.com\/en\/beyond-the-smoke\/","title":{"rendered":"BEYOND THE SMOKE"},"content":{"rendered":"<div data-elementor-type=\"wp-page\" data-elementor-id=\"1332\" class=\"elementor elementor-1332\" data-elementor-settings=\"{&quot;ha_cmc_init_switcher&quot;:&quot;no&quot;}\" data-elementor-post-type=\"page\">\n\t\t\t\t\t\t<section class=\"elementor-section elementor-top-section elementor-element elementor-element-7b9cae6 elementor-section-boxed elementor-section-height-default elementor-section-height-default\" data-id=\"7b9cae6\" data-element_type=\"section\" data-e-type=\"section\" data-settings=\"{&quot;background_background&quot;:&quot;classic&quot;,&quot;_ha_eqh_enable&quot;:false}\">\n\t\t\t\t\t\t<div class=\"elementor-container elementor-column-gap-default\">\n\t\t\t\t\t<div class=\"elementor-column elementor-col-100 elementor-top-column elementor-element elementor-element-7005f5b\" data-id=\"7005f5b\" data-element_type=\"column\" data-e-type=\"column\">\n\t\t\t<div class=\"elementor-widget-wrap elementor-element-populated\">\n\t\t\t\t\t\t<section class=\"elementor-section elementor-inner-section elementor-element elementor-element-92019f3 elementor-section-boxed elementor-section-height-default elementor-section-height-default\" data-id=\"92019f3\" data-element_type=\"section\" data-e-type=\"section\" data-settings=\"{&quot;_ha_eqh_enable&quot;:false}\">\n\t\t\t\t\t\t<div class=\"elementor-container elementor-column-gap-default\">\n\t\t\t\t\t<div class=\"elementor-column elementor-col-100 elementor-inner-column elementor-element elementor-element-8cff82d\" data-id=\"8cff82d\" data-element_type=\"column\" data-e-type=\"column\">\n\t\t\t<div class=\"elementor-widget-wrap elementor-element-populated\">\n\t\t\t\t\t\t<div class=\"elementor-element elementor-element-1101961 elementor-widget elementor-widget-heading\" data-id=\"1101961\" data-element_type=\"widget\" data-e-type=\"widget\" data-widget_type=\"heading.default\">\n\t\t\t\t<div class=\"elementor-widget-container\">\n\t\t\t\t\t<h2 class=\"elementor-heading-title elementor-size-default\">Beyond the Smoke<\/h2>\t\t\t\t<\/div>\n\t\t\t\t<\/div>\n\t\t\t\t<div class=\"elementor-element elementor-element-214f3b7 elementor-icon-list--layout-inline elementor-list-item-link-full_width elementor-widget elementor-widget-icon-list\" data-id=\"214f3b7\" data-element_type=\"widget\" data-e-type=\"widget\" data-widget_type=\"icon-list.default\">\n\t\t\t\t<div class=\"elementor-widget-container\">\n\t\t\t\t\t\t\t<ul class=\"elementor-icon-list-items elementor-inline-items\">\n\t\t\t\t\t\t\t<li class=\"elementor-icon-list-item elementor-inline-item\">\n\t\t\t\t\t\t\t\t\t\t\t<a href=\"https:\/\/selenefilms.com\/en\">\n\n\t\t\t\t\t\t\t\t\t\t\t<span class=\"elementor-icon-list-text\">Home<\/span>\n\t\t\t\t\t\t\t\t\t\t\t<\/a>\n\t\t\t\t\t\t\t\t\t<\/li>\n\t\t\t\t\t\t\t\t<li class=\"elementor-icon-list-item elementor-inline-item\">\n\t\t\t\t\t\t\t\t\t\t\t<span class=\"elementor-icon-list-icon\">\n\t\t\t\t\t\t\t<svg aria-hidden=\"true\" class=\"e-font-icon-svg e-fas-angle-right\" viewbox=\"0 0 256 512\" xmlns=\"http:\/\/www.w3.org\/2000\/svg\"><path d=\"M224.3 273l-136 136c-9.4 9.4-24.6 9.4-33.9 0l-22.6-22.6c-9.4-9.4-9.4-24.6 0-33.9l96.4-96.4-96.4-96.4c-9.4-9.4-9.4-24.6 0-33.9L54.3 103c9.4-9.4 24.6-9.4 33.9 0l136 136c9.5 9.4 9.5 24.6.1 34z\"><\/path><\/svg>\t\t\t\t\t\t<\/span>\n\t\t\t\t\t\t\t\t\t\t<span class=\"elementor-icon-list-text\">Beyond the Smoke<\/span>\n\t\t\t\t\t\t\t\t\t<\/li>\n\t\t\t\t\t\t<\/ul>\n\t\t\t\t\t\t<\/div>\n\t\t\t\t<\/div>\n\t\t\t\t\t<\/div>\n\t\t<\/div>\n\t\t\t\t\t<\/div>\n\t\t<\/section>\n\t\t\t\t\t<\/div>\n\t\t<\/div>\n\t\t\t\t\t<\/div>\n\t\t<\/section>\n\t\t\t\t<section class=\"elementor-section elementor-top-section elementor-element elementor-element-7aab201 elementor-section-boxed elementor-section-height-default elementor-section-height-default\" data-id=\"7aab201\" data-element_type=\"section\" data-e-type=\"section\" data-settings=\"{&quot;background_background&quot;:&quot;classic&quot;,&quot;_ha_eqh_enable&quot;:false}\">\n\t\t\t\t\t\t<div class=\"elementor-container elementor-column-gap-default\">\n\t\t\t\t\t<div class=\"elementor-column elementor-col-100 elementor-top-column elementor-element elementor-element-9a96cba\" data-id=\"9a96cba\" data-element_type=\"column\" data-e-type=\"column\">\n\t\t\t<div class=\"elementor-widget-wrap elementor-element-populated\">\n\t\t\t\t\t\t<div class=\"elementor-element elementor-element-2f0cf22 elementor-widget__width-initial elementor-widget elementor-widget-spacer\" data-id=\"2f0cf22\" data-element_type=\"widget\" data-e-type=\"widget\" data-widget_type=\"spacer.default\">\n\t\t\t\t<div class=\"elementor-widget-container\">\n\t\t\t\t\t\t\t<div class=\"elementor-spacer\">\n\t\t\t<div class=\"elementor-spacer-inner\"><\/div>\n\t\t<\/div>\n\t\t\t\t\t\t<\/div>\n\t\t\t\t<\/div>\n\t\t\t\t<section class=\"elementor-section elementor-inner-section elementor-element elementor-element-1679d1f elementor-section-boxed elementor-section-height-default elementor-section-height-default\" data-id=\"1679d1f\" data-element_type=\"section\" data-e-type=\"section\" data-settings=\"{&quot;_ha_eqh_enable&quot;:false}\">\n\t\t\t\t\t\t<div class=\"elementor-container elementor-column-gap-default\">\n\t\t\t\t\t<div class=\"elementor-column elementor-col-50 elementor-inner-column elementor-element elementor-element-fc64946\" data-id=\"fc64946\" data-element_type=\"column\" data-e-type=\"column\">\n\t\t\t<div class=\"elementor-widget-wrap elementor-element-populated\">\n\t\t\t\t\t\t<div class=\"elementor-element elementor-element-27c6e06 elementor-widget elementor-widget-image\" data-id=\"27c6e06\" data-element_type=\"widget\" data-e-type=\"widget\" data-widget_type=\"image.default\">\n\t\t\t\t<div class=\"elementor-widget-container\">\n\t\t\t\t\t\t\t\t\t\t\t\t\t\t\t<img fetchpriority=\"high\" decoding=\"async\" width=\"800\" height=\"1000\" src=\"https:\/\/selenefilms.com\/wp-content\/uploads\/2025\/06\/Vertical-Template-Mas-Alla-del-Humo_002-819x1024.webp\" class=\"attachment-large size-large wp-image-1318\" alt=\"\" srcset=\"https:\/\/selenefilms.com\/wp-content\/uploads\/2025\/06\/Vertical-Template-Mas-Alla-del-Humo_002-819x1024.webp 819w, https:\/\/selenefilms.com\/wp-content\/uploads\/2025\/06\/Vertical-Template-Mas-Alla-del-Humo_002-240x300.webp 240w, https:\/\/selenefilms.com\/wp-content\/uploads\/2025\/06\/Vertical-Template-Mas-Alla-del-Humo_002-768x960.webp 768w, https:\/\/selenefilms.com\/wp-content\/uploads\/2025\/06\/Vertical-Template-Mas-Alla-del-Humo_002-10x12.webp 10w, https:\/\/selenefilms.com\/wp-content\/uploads\/2025\/06\/Vertical-Template-Mas-Alla-del-Humo_002.webp 1080w\" sizes=\"(max-width: 800px) 100vw, 800px\" \/>\t\t\t\t\t\t\t\t\t\t\t\t\t\t\t<\/div>\n\t\t\t\t<\/div>\n\t\t\t\t<div class=\"elementor-element elementor-element-3b67121 elementor-icon-list--layout-traditional elementor-list-item-link-full_width elementor-widget elementor-widget-icon-list\" data-id=\"3b67121\" data-element_type=\"widget\" data-e-type=\"widget\" data-widget_type=\"icon-list.default\">\n\t\t\t\t<div class=\"elementor-widget-container\">\n\t\t\t\t\t\t\t<ul class=\"elementor-icon-list-items\">\n\t\t\t\t\t\t\t<li class=\"elementor-icon-list-item\">\n\t\t\t\t\t\t\t\t\t\t<span class=\"elementor-icon-list-text\"><b>Direction:<\/b><\/span>\n\t\t\t\t\t\t\t\t\t<\/li>\n\t\t\t\t\t\t\t\t<li class=\"elementor-icon-list-item\">\n\t\t\t\t\t\t\t\t\t\t<span class=\"elementor-icon-list-text\">Mariel Aponte<\/span>\n\t\t\t\t\t\t\t\t\t<\/li>\n\t\t\t\t\t\t<\/ul>\n\t\t\t\t\t\t<\/div>\n\t\t\t\t<\/div>\n\t\t\t\t<div class=\"elementor-element elementor-element-e9fed24 elementor-icon-list--layout-traditional elementor-list-item-link-full_width elementor-widget elementor-widget-icon-list\" data-id=\"e9fed24\" data-element_type=\"widget\" data-e-type=\"widget\" data-widget_type=\"icon-list.default\">\n\t\t\t\t<div class=\"elementor-widget-container\">\n\t\t\t\t\t\t\t<ul class=\"elementor-icon-list-items\">\n\t\t\t\t\t\t\t<li class=\"elementor-icon-list-item\">\n\t\t\t\t\t\t\t\t\t\t<span class=\"elementor-icon-list-text\"><b>Producer:<\/b><\/span>\n\t\t\t\t\t\t\t\t\t<\/li>\n\t\t\t\t\t\t\t\t<li class=\"elementor-icon-list-item\">\n\t\t\t\t\t\t\t\t\t\t<span class=\"elementor-icon-list-text\">Sterlyn Ramirez<\/span>\n\t\t\t\t\t\t\t\t\t<\/li>\n\t\t\t\t\t\t<\/ul>\n\t\t\t\t\t\t<\/div>\n\t\t\t\t<\/div>\n\t\t\t\t<div class=\"elementor-element elementor-element-2ff6db5 elementor-icon-list--layout-traditional elementor-list-item-link-full_width elementor-widget elementor-widget-icon-list\" data-id=\"2ff6db5\" data-element_type=\"widget\" data-e-type=\"widget\" data-widget_type=\"icon-list.default\">\n\t\t\t\t<div class=\"elementor-widget-container\">\n\t\t\t\t\t\t\t<ul class=\"elementor-icon-list-items\">\n\t\t\t\t\t\t\t<li class=\"elementor-icon-list-item\">\n\t\t\t\t\t\t\t\t\t\t<span class=\"elementor-icon-list-text\"><b>Script:<\/b><\/span>\n\t\t\t\t\t\t\t\t\t<\/li>\n\t\t\t\t\t\t\t\t<li class=\"elementor-icon-list-item\">\n\t\t\t\t\t\t\t\t\t\t<span class=\"elementor-icon-list-text\">Mariana Rond\u00f3n y Marit\u00e9 Ug\u00e1s<\/span>\n\t\t\t\t\t\t\t\t\t<\/li>\n\t\t\t\t\t\t<\/ul>\n\t\t\t\t\t\t<\/div>\n\t\t\t\t<\/div>\n\t\t\t\t<div class=\"elementor-element elementor-element-14a48a0 elementor-icon-list--layout-traditional elementor-list-item-link-full_width elementor-widget elementor-widget-icon-list\" data-id=\"14a48a0\" data-element_type=\"widget\" data-e-type=\"widget\" data-widget_type=\"icon-list.default\">\n\t\t\t\t<div class=\"elementor-widget-container\">\n\t\t\t\t\t\t\t<ul class=\"elementor-icon-list-items\">\n\t\t\t\t\t\t\t<li class=\"elementor-icon-list-item\">\n\t\t\t\t\t\t\t\t\t\t<span class=\"elementor-icon-list-text\"><b>Release:<\/b><\/span>\n\t\t\t\t\t\t\t\t\t<\/li>\n\t\t\t\t\t\t\t\t<li class=\"elementor-icon-list-item\">\n\t\t\t\t\t\t\t\t\t\t<span class=\"elementor-icon-list-text\">Pr\u00f3ximamente<\/span>\n\t\t\t\t\t\t\t\t\t<\/li>\n\t\t\t\t\t\t<\/ul>\n\t\t\t\t\t\t<\/div>\n\t\t\t\t<\/div>\n\t\t\t\t<div class=\"elementor-element elementor-element-5516f51 elementor-icon-list--layout-traditional elementor-list-item-link-full_width elementor-widget elementor-widget-icon-list\" data-id=\"5516f51\" data-element_type=\"widget\" data-e-type=\"widget\" data-widget_type=\"icon-list.default\">\n\t\t\t\t<div class=\"elementor-widget-container\">\n\t\t\t\t\t\t\t<ul class=\"elementor-icon-list-items\">\n\t\t\t\t\t\t\t<li class=\"elementor-icon-list-item\">\n\t\t\t\t\t\t\t\t\t\t<span class=\"elementor-icon-list-text\"><b>Main Cast:<\/b><\/span>\n\t\t\t\t\t\t\t\t\t<\/li>\n\t\t\t\t\t\t\t\t<li class=\"elementor-icon-list-item\">\n\t\t\t\t\t\t\t\t\t\t<span class=\"elementor-icon-list-text\">Nirka Reyes Estrella, Litto G\u00f3mez, Tony G\u00f3mez y Leo Cruz<\/span>\n\t\t\t\t\t\t\t\t\t<\/li>\n\t\t\t\t\t\t<\/ul>\n\t\t\t\t\t\t<\/div>\n\t\t\t\t<\/div>\n\t\t\t\t\t<\/div>\n\t\t<\/div>\n\t\t\t\t<div class=\"elementor-column elementor-col-50 elementor-inner-column elementor-element elementor-element-b65d647\" data-id=\"b65d647\" data-element_type=\"column\" data-e-type=\"column\">\n\t\t\t<div class=\"elementor-widget-wrap elementor-element-populated\">\n\t\t\t\t\t\t<div class=\"elementor-element elementor-element-c2400f2 elementor-widget elementor-widget-spacer\" data-id=\"c2400f2\" data-element_type=\"widget\" data-e-type=\"widget\" data-widget_type=\"spacer.default\">\n\t\t\t\t<div class=\"elementor-widget-container\">\n\t\t\t\t\t\t\t<div class=\"elementor-spacer\">\n\t\t\t<div class=\"elementor-spacer-inner\"><\/div>\n\t\t<\/div>\n\t\t\t\t\t\t<\/div>\n\t\t\t\t<\/div>\n\t\t\t\t<div class=\"elementor-element elementor-element-e6015b5 elementor-widget elementor-widget-text-editor\" data-id=\"e6015b5\" data-element_type=\"widget\" data-e-type=\"widget\" data-widget_type=\"text-editor.default\">\n\t\t\t\t<div class=\"elementor-widget-container\">\n\t\t\t\t\t\t\t\t\t<div id=\"comp-knjj3avc\" class=\"KcpHeO tz5f0K comp-knjj3avc wixui-rich-text\" data-testid=\"richTextElement\" data-angle=\"0\" data-angle-style-location=\"style\" data-screen-in-hide=\"done\"><p><span style=\"font-weight: 400;\">This documentary delves into the fascinating world of Dominican cigar blending, currently ranked as the best in the world. This journey takes us to the golden land of cigar makers, where families have been passing down the art of harvesting and rolling cigars since pre-Columbian times.<\/span><\/p><p class=\"font_8 wixui-rich-text__text\">\u00a0<\/p><p><span style=\"font-weight: 400;\">From the lush tobacco fields to the bustling factories, we follow the compelling stories of Tony, Nirka, and Wander, each navigating the weight of their cigar legacy. Their personal struggles unfold as they question tradition, challenge the industry's status quo, and pursue their own ambitions. This film offers an intimate look at the tensions between heritage, innovation, and the future of Dominican cigars.<\/span><\/p><\/div>\t\t\t\t\t\t\t\t<\/div>\n\t\t\t\t<\/div>\n\t\t\t\t\t<\/div>\n\t\t<\/div>\n\t\t\t\t\t<\/div>\n\t\t<\/section>\n\t\t\t\t\t<\/div>\n\t\t<\/div>\n\t\t\t\t\t<\/div>\n\t\t<\/section>\n\t\t\t\t<section class=\"elementor-section elementor-top-section elementor-element elementor-element-1a61007 elementor-hidden-desktop elementor-hidden-tablet elementor-hidden-mobile elementor-section-boxed elementor-section-height-default elementor-section-height-default\" data-id=\"1a61007\" data-element_type=\"section\" data-e-type=\"section\" data-settings=\"{&quot;background_background&quot;:&quot;classic&quot;,&quot;_ha_eqh_enable&quot;:false}\">\n\t\t\t\t\t\t<div class=\"elementor-container elementor-column-gap-default\">\n\t\t\t\t\t<div class=\"elementor-column elementor-col-100 elementor-top-column elementor-element elementor-element-9622bfa\" data-id=\"9622bfa\" data-element_type=\"column\" data-e-type=\"column\">\n\t\t\t<div class=\"elementor-widget-wrap elementor-element-populated\">\n\t\t\t\t\t\t<section class=\"elementor-section elementor-inner-section elementor-element elementor-element-a6e08d8 elementor-section-boxed elementor-section-height-default elementor-section-height-default\" data-id=\"a6e08d8\" data-element_type=\"section\" data-e-type=\"section\" data-settings=\"{&quot;_ha_eqh_enable&quot;:false}\">\n\t\t\t\t\t\t<div class=\"elementor-container elementor-column-gap-default\">\n\t\t\t\t\t<div class=\"elementor-column elementor-col-50 elementor-inner-column elementor-element elementor-element-489728f\" data-id=\"489728f\" data-element_type=\"column\" data-e-type=\"column\">\n\t\t\t<div class=\"elementor-widget-wrap elementor-element-populated\">\n\t\t\t\t\t\t<div class=\"elementor-element elementor-element-9ba08ce elementor-widget elementor-widget-heading\" data-id=\"9ba08ce\" data-element_type=\"widget\" data-e-type=\"widget\" data-widget_type=\"heading.default\">\n\t\t\t\t<div class=\"elementor-widget-container\">\n\t\t\t\t\t<h2 class=\"elementor-heading-title elementor-size-default\">PHOTO GALLERY<\/h2>\t\t\t\t<\/div>\n\t\t\t\t<\/div>\n\t\t\t\t\t<\/div>\n\t\t<\/div>\n\t\t\t\t<div class=\"elementor-column elementor-col-50 elementor-inner-column elementor-element elementor-element-1b69e99\" data-id=\"1b69e99\" data-element_type=\"column\" data-e-type=\"column\">\n\t\t\t<div class=\"elementor-widget-wrap elementor-element-populated\">\n\t\t\t\t\t\t<div class=\"elementor-element elementor-element-f950a4f elementor-widget-divider--view-line elementor-widget elementor-widget-divider\" data-id=\"f950a4f\" data-element_type=\"widget\" data-e-type=\"widget\" data-widget_type=\"divider.default\">\n\t\t\t\t<div class=\"elementor-widget-container\">\n\t\t\t\t\t\t\t<div class=\"elementor-divider\">\n\t\t\t<span class=\"elementor-divider-separator\">\n\t\t\t\t\t\t<\/span>\n\t\t<\/div>\n\t\t\t\t\t\t<\/div>\n\t\t\t\t<\/div>\n\t\t\t\t\t<\/div>\n\t\t<\/div>\n\t\t\t\t\t<\/div>\n\t\t<\/section>\n\t\t\t\t<div class=\"elementor-element elementor-element-4b6f5d5 elementor-widget elementor-widget-image-gallery\" data-id=\"4b6f5d5\" data-element_type=\"widget\" data-e-type=\"widget\" data-widget_type=\"image-gallery.default\">\n\t\t\t\t<div class=\"elementor-widget-container\">\n\t\t\t\t\t\t\t<div class=\"elementor-image-gallery\">\n\t\t\t<div id='gallery-1' class='gallery galleryid-1332 gallery-columns-3 gallery-size-full'><figure class='gallery-item'>\n\t\t\t<div class='gallery-icon landscape'>\n\t\t\t\t<a data-elementor-open-lightbox=\"yes\" data-elementor-lightbox-slideshow=\"4b6f5d5\" data-e-action-hash=\"#elementor-action%3Aaction%3Dlightbox%26settings%3DeyJpZCI6NDUwLCJ1cmwiOiJodHRwczpcL1wvc2VsZW5lZmlsbXMuY29tXC93cC1jb250ZW50XC91cGxvYWRzXC8yMDIzXC8xMlwvSU1HXzY3MDIuanBnIiwic2xpZGVzaG93IjoiNGI2ZjVkNSJ9\" href='https:\/\/selenefilms.com\/wp-content\/uploads\/2023\/12\/IMG_6702.jpg'><img decoding=\"async\" width=\"1620\" height=\"1080\" src=\"https:\/\/selenefilms.com\/wp-content\/uploads\/2023\/12\/IMG_6702.jpg\" class=\"attachment-full size-full\" alt=\"\" srcset=\"https:\/\/selenefilms.com\/wp-content\/uploads\/2023\/12\/IMG_6702.jpg 1620w, https:\/\/selenefilms.com\/wp-content\/uploads\/2023\/12\/IMG_6702-300x200.jpg 300w, https:\/\/selenefilms.com\/wp-content\/uploads\/2023\/12\/IMG_6702-1024x683.jpg 1024w, https:\/\/selenefilms.com\/wp-content\/uploads\/2023\/12\/IMG_6702-768x512.jpg 768w, https:\/\/selenefilms.com\/wp-content\/uploads\/2023\/12\/IMG_6702-1536x1024.jpg 1536w\" sizes=\"(max-width: 1620px) 100vw, 1620px\" \/><\/a>\n\t\t\t<\/div><\/figure><figure class='gallery-item'>\n\t\t\t<div class='gallery-icon landscape'>\n\t\t\t\t<a data-elementor-open-lightbox=\"yes\" data-elementor-lightbox-slideshow=\"4b6f5d5\" data-e-action-hash=\"#elementor-action%3Aaction%3Dlightbox%26settings%3DeyJpZCI6NDQ4LCJ1cmwiOiJodHRwczpcL1wvc2VsZW5lZmlsbXMuY29tXC93cC1jb250ZW50XC91cGxvYWRzXC8yMDIzXC8xMlwvZDc2YWI4ODAxOC1wb3N0ZXIuanBnIiwic2xpZGVzaG93IjoiNGI2ZjVkNSJ9\" href='https:\/\/selenefilms.com\/wp-content\/uploads\/2023\/12\/d76ab88018-poster.jpg'><img decoding=\"async\" width=\"800\" height=\"533\" src=\"https:\/\/selenefilms.com\/wp-content\/uploads\/2023\/12\/d76ab88018-poster.jpg\" class=\"attachment-full size-full\" alt=\"\" srcset=\"https:\/\/selenefilms.com\/wp-content\/uploads\/2023\/12\/d76ab88018-poster.jpg 800w, https:\/\/selenefilms.com\/wp-content\/uploads\/2023\/12\/d76ab88018-poster-300x200.jpg 300w, https:\/\/selenefilms.com\/wp-content\/uploads\/2023\/12\/d76ab88018-poster-768x512.jpg 768w\" sizes=\"(max-width: 800px) 100vw, 800px\" \/><\/a>\n\t\t\t<\/div><\/figure><figure class='gallery-item'>\n\t\t\t<div class='gallery-icon landscape'>\n\t\t\t\t<a data-elementor-open-lightbox=\"yes\" data-elementor-lightbox-slideshow=\"4b6f5d5\" data-e-action-hash=\"#elementor-action%3Aaction%3Dlightbox%26settings%3DeyJpZCI6Mjc4LCJ1cmwiOiJodHRwczpcL1wvc2VsZW5lZmlsbXMuY29tXC93cC1jb250ZW50XC91cGxvYWRzXC8yMDIzXC8xMlwvSU1HXzQzNzMuanBnIiwic2xpZGVzaG93IjoiNGI2ZjVkNSJ9\" href='https:\/\/selenefilms.com\/wp-content\/uploads\/2023\/12\/IMG_4373.jpg'><img loading=\"lazy\" decoding=\"async\" width=\"1620\" height=\"1080\" src=\"https:\/\/selenefilms.com\/wp-content\/uploads\/2023\/12\/IMG_4373.jpg\" class=\"attachment-full size-full\" alt=\"\" srcset=\"https:\/\/selenefilms.com\/wp-content\/uploads\/2023\/12\/IMG_4373.jpg 1620w, https:\/\/selenefilms.com\/wp-content\/uploads\/2023\/12\/IMG_4373-300x200.jpg 300w, https:\/\/selenefilms.com\/wp-content\/uploads\/2023\/12\/IMG_4373-1024x683.jpg 1024w, https:\/\/selenefilms.com\/wp-content\/uploads\/2023\/12\/IMG_4373-768x512.jpg 768w, https:\/\/selenefilms.com\/wp-content\/uploads\/2023\/12\/IMG_4373-1536x1024.jpg 1536w\" sizes=\"(max-width: 1620px) 100vw, 1620px\" \/><\/a>\n\t\t\t<\/div><\/figure><figure class='gallery-item'>\n\t\t\t<div class='gallery-icon landscape'>\n\t\t\t\t<a data-elementor-open-lightbox=\"yes\" data-elementor-lightbox-slideshow=\"4b6f5d5\" data-e-action-hash=\"#elementor-action%3Aaction%3Dlightbox%26settings%3DeyJpZCI6NDQ5LCJ1cmwiOiJodHRwczpcL1wvc2VsZW5lZmlsbXMuY29tXC93cC1jb250ZW50XC91cGxvYWRzXC8yMDIzXC8xMlwvSU1HXzUxMDQuanBnIiwic2xpZGVzaG93IjoiNGI2ZjVkNSJ9\" href='https:\/\/selenefilms.com\/wp-content\/uploads\/2023\/12\/IMG_5104.jpg'><img loading=\"lazy\" decoding=\"async\" width=\"1920\" height=\"771\" src=\"https:\/\/selenefilms.com\/wp-content\/uploads\/2023\/12\/IMG_5104.jpg\" class=\"attachment-full size-full\" alt=\"\" srcset=\"https:\/\/selenefilms.com\/wp-content\/uploads\/2023\/12\/IMG_5104.jpg 1920w, https:\/\/selenefilms.com\/wp-content\/uploads\/2023\/12\/IMG_5104-300x120.jpg 300w, https:\/\/selenefilms.com\/wp-content\/uploads\/2023\/12\/IMG_5104-1024x411.jpg 1024w, https:\/\/selenefilms.com\/wp-content\/uploads\/2023\/12\/IMG_5104-768x308.jpg 768w, https:\/\/selenefilms.com\/wp-content\/uploads\/2023\/12\/IMG_5104-1536x617.jpg 1536w\" sizes=\"(max-width: 1920px) 100vw, 1920px\" \/><\/a>\n\t\t\t<\/div><\/figure>\n\t\t<\/div>\n\t\t<\/div>\n\t\t\t\t\t\t<\/div>\n\t\t\t\t<\/div>\n\t\t\t\t<div class=\"elementor-element elementor-element-df1700d elementor-widget elementor-widget-gallery\" data-id=\"df1700d\" data-element_type=\"widget\" data-e-type=\"widget\" data-settings=\"{&quot;columns&quot;:3,&quot;columns_mobile&quot;:2,&quot;gap&quot;:{&quot;unit&quot;:&quot;px&quot;,&quot;size&quot;:0,&quot;sizes&quot;:[]},&quot;gap_mobile&quot;:{&quot;unit&quot;:&quot;px&quot;,&quot;size&quot;:0,&quot;sizes&quot;:[]},&quot;gallery_layout&quot;:&quot;grid&quot;,&quot;columns_tablet&quot;:2,&quot;gap_tablet&quot;:{&quot;unit&quot;:&quot;px&quot;,&quot;size&quot;:10,&quot;sizes&quot;:[]},&quot;link_to&quot;:&quot;file&quot;,&quot;aspect_ratio&quot;:&quot;3:2&quot;,&quot;overlay_background&quot;:&quot;yes&quot;,&quot;content_hover_animation&quot;:&quot;fade-in&quot;}\" data-widget_type=\"gallery.default\">\n\t\t\t\t<div class=\"elementor-widget-container\">\n\t\t\t\t\t\t\t<div class=\"elementor-gallery__container\">\n\t\t\t\t\t\t\t<a class=\"e-gallery-item elementor-gallery-item elementor-animated-content\" href=\"https:\/\/selenefilms.com\/wp-content\/uploads\/2024\/12\/8-Zafari-HIPO-300-dpi-scaled-1.webp\" data-elementor-open-lightbox=\"yes\" data-elementor-lightbox-slideshow=\"df1700d\" data-e-action-hash=\"#elementor-action%3Aaction%3Dlightbox%26settings%3DeyJpZCI6MTI4MSwidXJsIjoiaHR0cHM6XC9cL3NlbGVuZWZpbG1zLmNvbVwvd3AtY29udGVudFwvdXBsb2Fkc1wvMjAyNFwvMTJcLzgtWmFmYXJpLUhJUE8tMzAwLWRwaS1zY2FsZWQtMS53ZWJwIiwic2xpZGVzaG93IjoiZGYxNzAwZCJ9\">\n\t\t\t\t\t<div class=\"e-gallery-image elementor-gallery-item__image\" data-thumbnail=\"https:\/\/selenefilms.com\/wp-content\/uploads\/2024\/12\/8-Zafari-HIPO-300-dpi-scaled-1.webp\" data-width=\"2560\" data-height=\"1073\" aria-label=\"\" role=\"img\" ><\/div>\n\t\t\t\t\t\t\t\t\t\t\t<div class=\"elementor-gallery-item__overlay\"><\/div>\n\t\t\t\t\t\t\t\t\t\t\t\t\t\t<\/a>\n\t\t\t\t\t<\/div>\n\t\t\t\t\t<\/div>\n\t\t\t\t<\/div>\n\t\t\t\t\t<\/div>\n\t\t<\/div>\n\t\t\t\t\t<\/div>\n\t\t<\/section>\n\t\t\t\t<\/div>","protected":false},"excerpt":{"rendered":"<p>M\u00e1s All\u00e1 del Humo Home M\u00e1s All\u00e1 del Humo Direcci\u00f3n: Mariel Aponte Productora: Sterlyn Ramirez Gui\u00f3n: Mariana Rond\u00f3n y Marit\u00e9 Ug\u00e1s Estreno: Pr\u00f3ximamente Reparto Principal: Nirka Reyes Estrella, Litto G\u00f3mez, Tony G\u00f3mez y Leo Cruz Este documental se adentra en el fascinante mundo del arte del tabaco dominicano, actualmente reconocido como el mejor del mundo. [&hellip;]<\/p>\n","protected":false},"author":5,"featured_media":0,"parent":0,"menu_order":0,"comment_status":"closed","ping_status":"closed","template":"","meta":{"footnotes":""},"class_list":["post-1332","page","type-page","status-publish","hentry"],"_links":{"self":[{"href":"https:\/\/selenefilms.com\/en\/wp-json\/wp\/v2\/pages\/1332","targetHints":{"allow":["GET"]}}],"collection":[{"href":"https:\/\/selenefilms.com\/en\/wp-json\/wp\/v2\/pages"}],"about":[{"href":"https:\/\/selenefilms.com\/en\/wp-json\/wp\/v2\/types\/page"}],"author":[{"embeddable":true,"href":"https:\/\/selenefilms.com\/en\/wp-json\/wp\/v2\/users\/5"}],"replies":[{"embeddable":true,"href":"https:\/\/selenefilms.com\/en\/wp-json\/wp\/v2\/comments?post=1332"}],"version-history":[{"count":13,"href":"https:\/\/selenefilms.com\/en\/wp-json\/wp\/v2\/pages\/1332\/revisions"}],"predecessor-version":[{"id":1348,"href":"https:\/\/selenefilms.com\/en\/wp-json\/wp\/v2\/pages\/1332\/revisions\/1348"}],"wp:attachment":[{"href":"https:\/\/selenefilms.com\/en\/wp-json\/wp\/v2\/media?parent=1332"}],"curies":[{"name":"wp","href":"https:\/\/api.w.org\/{rel}","templated":true}]}}